{"id":139,"date":"2023-03-02T18:52:36","date_gmt":"2023-03-02T18:52:36","guid":{"rendered":"http:\/\/basketreferee.com\/?page_id=139"},"modified":"2024-11-15T14:45:37","modified_gmt":"2024-11-15T14:45:37","slug":"kontakt","status":"publish","type":"page","link":"https:\/\/basketreferee.com\/?page_id=139","title":{"rendered":"KONTAKT"},"content":{"rendered":"\n    \n    <section class=\"u-clearfix u-section-2\" id=\"sec-79d5\">\n      <div class=\"u-clearfix u-sheet u-sheet-1\">\n        <h1 class=\"u-text u-text-default u-text-1\">KONTAKT<\/h1>\n        <p class=\"u-text u-text-default u-text-2\"> Lublin, 20-234<br>ul. Me\u0142giewska 80<br>\n        <\/p>\n        <a href=\"https:\/\/nicepage.com\/c\/video-website-templates\" class=\"u-active-none u-btn u-btn-rectangle u-button-style u-hover-none u-none u-btn-1\"><span class=\"u-icon u-icon-1\"><svg class=\"u-svg-content\" viewBox=\"0 0 405.333 405.333\" x=\"0px\" y=\"0px\" style=\"width: 1em; height: 1em;\"><path d=\"M373.333,266.88c-25.003,0-49.493-3.904-72.704-11.563c-11.328-3.904-24.192-0.896-31.637,6.699l-46.016,34.752    c-52.8-28.181-86.592-61.952-114.389-114.368l33.813-44.928c8.512-8.512,11.563-20.971,7.915-32.64    C142.592,81.472,138.667,56.96,138.667,32c0-17.643-14.357-32-32-32H32C14.357,0,0,14.357,0,32    c0,205.845,167.488,373.333,373.333,373.333c17.643,0,32-14.357,32-32V298.88C405.333,281.237,390.976,266.88,373.333,266.88z\"><\/path><\/svg><\/span>&nbsp;+48 512 215 494\n        <\/a>\n        <a href=\"mailto:info@basketreferee.com\" class=\"u-active-none u-btn u-btn-rectangle u-button-style u-hover-none u-none u-btn-2\"><span class=\"u-file-icon u-icon u-icon-2\"><img decoding=\"async\" src=\"https:\/\/basketreferee.com\/wp-content\/uploads\/2024\/01\/542689-1.png\" alt=\"\"><\/span>&nbsp;&nbsp;info@basketreferee.com\n        <\/a>\n        <h2 class=\"u-text u-text-default u-text-3\">FORMULARZ KONTAKTOWY<br>\n        <\/h2>\n        <div class=\"u-expanded-width-xs u-grey-light-2 u-map u-map-1\">\n          <div class=\"embed-responsive\">\n            <iframe class=\"embed-responsive-item\" src=\"https:\/\/maps.google.com\/maps?output=embed&amp;q=Me%C5%82giewska%2080%2C%20Lublin&amp;z=13&amp;t=m\" data-map=\"JTdCJTIyYWRkcmVzcyUyMiUzQSUyMk1lJUM1JTgyZ2lld3NrYSUyMDgwJTJDJTIwTHVibGluJTIyJTJDJTIyem9vbSUyMiUzQTEzJTJDJTIydHlwZUlkJTIyJTNBJTIycm9hZCUyMiUyQyUyMmxhbmclMjIlM0FudWxsJTJDJTIyYXBpS2V5JTIyJTNBbnVsbCUyQyUyMm1hcmtlcnMlMjIlM0ElNUIlNUQlN0Q=\"><\/iframe>\n          <\/div>\n        <\/div>\n        <div class=\"u-expanded-width-sm u-expanded-width-xs u-form u-form-1\">\n          <form action=\"https:\/\/forms.nicepagesrv.com\/v2\/form\/process\" class=\"u-clearfix u-form-spacing-10 u-form-vertical u-inner-form\" style=\"padding: 10px\" source=\"email\" name=\"Formularz\">\n            <div class=\"u-form-group u-form-name u-label-none\">\n              <label for=\"name-3b9a\" class=\"u-label\">Name<\/label>\n              <input type=\"text\" placeholder=\"Enter your Name\" id=\"name-3b9a\" name=\"name\" class=\"u-input u-input-rectangle\" required=\"\">\n            <\/div>\n            <div class=\"u-form-email u-form-group u-label-none\">\n              <label for=\"email-3b9a\" class=\"u-label\">Email<\/label>\n              <input type=\"email\" placeholder=\"Enter a valid email address\" id=\"email-3b9a\" name=\"email\" class=\"u-input u-input-rectangle\" required=\"\">\n            <\/div>\n            <div class=\"u-form-group u-form-message u-label-none\">\n              <label for=\"message-3b9a\" class=\"u-label\">Message<\/label>\n              <textarea placeholder=\"Enter your message\" rows=\"4\" cols=\"50\" id=\"message-3b9a\" name=\"message\" class=\"u-input u-input-rectangle\" required=\"\"><\/textarea>\n            <\/div>\n            <div class=\"u-form-checkbox-group u-form-group u-form-input-layout-vertical u-label-none u-form-group-4\">\n              <label class=\"u-label\">Zaznaczone<\/label>\n              <div class=\"u-form-checkbox-group-wrapper\">\n                <div class=\"u-input-row\">\n                  <input id=\"field-41e6\" type=\"checkbox\" name=\"checkbox[]\" value=\"0\" class=\"u-field-input\" data-calc=\"0\" required=\"required\">\n                  <label class=\"u-field-label\" for=\"field-41e6\">Nie jestem robotem!<\/label>\n                <\/div>\n              <\/div>\n            <\/div>\n            <div class=\"u-align-center u-form-group u-form-submit u-label-none\">\n              <a href=\"#\" class=\"u-border-none u-btn u-btn-submit u-button-style u-grey-70 u-btn-3\">Submit<\/a>\n              <input type=\"submit\" value=\"submit\" class=\"u-form-control-hidden\">\n            <\/div>\n            <div class=\"u-form-send-message u-form-send-success\">Dzi\u0119kujemy za kontakt.<\/div>\n            <div class=\"u-form-send-error u-form-send-message\">Niestety nie uda\u0142o si\u0119 wys\u0142a\u0107 wiadomo\u015bci.<\/div>\n            <input type=\"hidden\" value=\"\" name=\"recaptchaResponse\">\n            <input type=\"hidden\" name=\"formServices\" value=\"46cdb5f3-14a3-eb23-7767-392c67a0de01\">\n            <input type=\"hidden\" name=\"siteKey\" value=\"6LcqnE4pAAAAAE7X4BIh5ku7Xqqaou8cyrZAUFbm\">\n          <\/form>\n        <\/div>\n      <\/div>\n    <\/section>\n    <section class=\"u-align-center u-clearfix u-section-3\" id=\"sec-24a8\">\n      <div class=\"u-clearfix u-sheet u-valign-middle u-sheet-1\">\n        <h2 class=\"u-text u-text-default u-text-1\">NASI PARTNERZY<br>\n        <\/h2>\n      <\/div>\n    <\/section>\n    <section class=\"u-clearfix u-section-4\" id=\"sec-5c89\">\n      <div class=\"u-clearfix u-sheet u-sheet-1\">\n        <div data-interval=\"5000\" data-u-ride=\"carousel\" class=\"u-carousel u-expanded-width u-slider u-slider-1\" id=\"carousel-7fc9\">\n          <ol class=\"u-absolute-hcenter u-carousel-indicators u-carousel-indicators-1\">\n            <li data-u-target=\"#carousel-7fc9\" class=\"u-active u-active-grey-10 u-grey-30\" data-u-slide-to=\"0\"><\/li>\n            <li data-u-target=\"#carousel-7fc9\" class=\"u-active-grey-10 u-grey-30\" data-u-slide-to=\"1\"><\/li>\n            <li data-u-target=\"#carousel-7fc9\" class=\"u-active-grey-10 u-grey-30\" data-u-slide-to=\"2\"><\/li>\n          <\/ol>\n          <div class=\"u-carousel-inner\" role=\"listbox\">\n            <div class=\"u-active u-carousel-item u-container-style u-slide\">\n              <div class=\"u-container-layout u-container-layout-1\">\n                <div class=\"custom-expanded u-gallery u-layout-grid u-lightbox u-no-transition u-show-text-none u-gallery-1\">\n                  <div class=\"u-gallery-inner u-gallery-inner-1\">\n                    <div class=\"u-effect-hover-zoom u-gallery-item\" data-href=\"https:\/\/pozkosz.com\/\" data-target=\"_blank\">\n                      <div class=\"u-back-slide\" data-image-width=\"801\" data-image-height=\"680\">\n                        <img decoding=\"async\" class=\"u-back-image u-expanded u-image-contain\" src=\"https:\/\/basketreferee.com\/wp-content\/uploads\/2024\/01\/pozkoszlogo.png\">\n                      <\/div>\n                      <div class=\"u-over-slide u-shading u-over-slide-1\"><\/div>\n                    <\/div>\n                    <div class=\"u-effect-hover-zoom u-gallery-item\" data-href=\"https:\/\/lzkosz.pl\/\" data-target=\"_blank\">\n                      <div class=\"u-back-slide\" data-image-width=\"886\" data-image-height=\"886\">\n                        <img decoding=\"async\" class=\"u-back-image u-expanded u-image-contain\" src=\"https:\/\/basketreferee.com\/wp-content\/uploads\/2024\/01\/logozkosz.png\">\n                      <\/div>\n                      <div class=\"u-over-slide u-shading u-over-slide-2\"><\/div>\n                    <\/div>\n                    <div class=\"u-effect-hover-zoom u-gallery-item\" data-href=\"https:\/\/lubuskikosz.pl\/\" data-target=\"_blank\">\n                      <div class=\"u-back-slide\" data-image-width=\"166\" data-image-height=\"168\">\n                        <img decoding=\"async\" class=\"u-back-image u-expanded u-image-contain\" src=\"https:\/\/basketreferee.com\/wp-content\/uploads\/2024\/01\/slidedzkosz1-object8914760161-2.jpg\">\n                      <\/div>\n                      <div class=\"u-over-slide u-shading u-over-slide-3\"><\/div>\n                    <\/div>\n                  <\/div>\n                <\/div>\n              <\/div>\n            <\/div>\n            <div class=\"u-carousel-item u-container-style u-slide\">\n              <div class=\"u-container-layout u-container-layout-2\">\n                <div class=\"u-expanded-width u-gallery u-layout-grid u-lightbox u-no-transition u-show-text-none u-gallery-2\">\n                  <div class=\"u-gallery-inner u-gallery-inner-2\">\n                    <div class=\"u-effect-hover-zoom u-gallery-item\" data-href=\"https:\/\/dzkosz.wroclaw.pl\/\" data-target=\"_blank\">\n                      <div class=\"u-back-slide\" data-image-width=\"166\" data-image-height=\"192\">\n                        <img decoding=\"async\" class=\"u-back-image u-expanded u-image-contain\" src=\"https:\/\/basketreferee.com\/wp-content\/uploads\/2024\/01\/slidedzkosz01-2.jpg\">\n                      <\/div>\n                      <div class=\"u-over-slide u-shading u-over-slide-4\"><\/div>\n                    <\/div>\n                    <div class=\"u-effect-hover-zoom u-gallery-item\" data-href=\"https:\/\/www.podkarpackikosz.com.pl\/\" data-target=\"_blank\">\n                      <div class=\"u-back-slide\" data-image-width=\"166\" data-image-height=\"165\">\n                        <img decoding=\"async\" class=\"u-back-image u-expanded u-image-contain\" src=\"https:\/\/basketreferee.com\/wp-content\/uploads\/2024\/01\/slidedzkosz3-object1435711721-2.jpg\">\n                      <\/div>\n                      <div class=\"u-over-slide u-shading u-over-slide-5\"><\/div>\n                    <\/div>\n                    <div class=\"u-effect-hover-zoom u-gallery-item\" data-href=\"https:\/\/zozkosz.com\/\" data-target=\"_blank\">\n                      <div class=\"u-back-slide\" data-image-width=\"166\" data-image-height=\"151\">\n                        <img decoding=\"async\" class=\"u-back-image u-expanded u-image-contain\" src=\"https:\/\/basketreferee.com\/wp-content\/uploads\/2024\/01\/slidedzkosz6-object293325591-2.jpg\">\n                      <\/div>\n                      <div class=\"u-over-slide u-shading u-over-slide-6\"><\/div>\n                    <\/div>\n                  <\/div>\n                <\/div>\n              <\/div>\n            <\/div>\n            <div class=\"u-carousel-item u-container-style u-slide\">\n              <div class=\"u-container-layout u-valign-bottom u-container-layout-3\">\n                <div class=\"u-expanded-width u-gallery u-layout-grid u-lightbox u-no-transition u-show-text-none u-gallery-3\">\n                  <div class=\"u-gallery-inner u-gallery-inner-3\">\n                    <div class=\"u-effect-hover-liftUp u-gallery-item\" data-href=\"https:\/\/wzkosz.pl\/\" data-target=\"_blank\">\n                      <div class=\"u-back-slide\" data-image-width=\"166\" data-image-height=\"107\">\n                        <img decoding=\"async\" class=\"u-back-image u-expanded u-image-contain\" src=\"https:\/\/basketreferee.com\/wp-content\/uploads\/2024\/01\/slidedzkosz5-object19718604411-2.jpg\">\n                      <\/div>\n                      <div class=\"u-over-slide u-shading u-over-slide-7\"><\/div>\n                    <\/div>\n                    <div class=\"u-effect-hover-liftUp u-gallery-item\" data-href=\"https:\/\/www.lzkosz.com.pl\/\" data-target=\"_blank\">\n                      <div class=\"u-back-slide\" data-image-width=\"166\" data-image-height=\"60\">\n                        <img decoding=\"async\" class=\"u-back-image u-expanded u-image-contain\" src=\"https:\/\/basketreferee.com\/wp-content\/uploads\/2024\/01\/slidedzkosz2-object9683362861-2.jpg\">\n                      <\/div>\n                      <div class=\"u-over-slide u-shading u-over-slide-8\"><\/div>\n                    <\/div>\n                    <div class=\"u-effect-hover-liftUp u-gallery-item\" data-href=\"https:\/\/www.slzkosz.pl\/\" data-target=\"_blank\">\n                      <div class=\"u-back-slide\" data-image-width=\"166\" data-image-height=\"50\">\n                        <img decoding=\"async\" class=\"u-back-image u-expanded u-image-contain\" src=\"https:\/\/basketreferee.com\/wp-content\/uploads\/2024\/01\/slidedzkosz4-object4174520611-2.jpg\">\n                      <\/div>\n                      <div class=\"u-over-slide u-shading u-over-slide-9\"><\/div>\n                    <\/div>\n                  <\/div>\n                <\/div>\n              <\/div>\n            <\/div>\n          <\/div>\n          <a class=\"u-absolute-vcenter u-carousel-control u-carousel-control-prev u-grey-75 u-hover-grey-60 u-icon-circle u-spacing-5 u-text-grey-30 u-carousel-control-1\" href=\"#carousel-7fc9\" role=\"button\" data-u-slide=\"prev\">\n            <span aria-hidden=\"true\">\n              <svg viewBox=\"0 0 8 8\"><path d=\"M5.25 0l-4 4 4 4 1.5-1.5-2.5-2.5 2.5-2.5-1.5-1.5z\"><\/path><\/svg>\n            <\/span>\n            <span class=\"sr-only\">\n              <svg viewBox=\"0 0 8 8\"><path d=\"M5.25 0l-4 4 4 4 1.5-1.5-2.5-2.5 2.5-2.5-1.5-1.5z\"><\/path><\/svg>\n            <\/span>\n          <\/a>\n          <a class=\"u-absolute-vcenter u-carousel-control u-carousel-control-next u-grey-75 u-hover-grey-60 u-icon-circle u-spacing-5 u-text-grey-30 u-carousel-control-2\" href=\"#carousel-7fc9\" role=\"button\" data-u-slide=\"next\">\n            <span aria-hidden=\"true\">\n              <svg viewBox=\"0 0 8 8\"><path d=\"M2.75 0l-1.5 1.5 2.5 2.5-2.5 2.5 1.5 1.5 4-4-4-4z\"><\/path><\/svg>\n            <\/span>\n            <span class=\"sr-only\">\n              <svg viewBox=\"0 0 8 8\"><path d=\"M2.75 0l-1.5 1.5 2.5 2.5-2.5 2.5 1.5 1.5 4-4-4-4z\"><\/path><\/svg>\n            <\/span>\n          <\/a>\n        <\/div>\n      <\/div>\n    <\/section>\n    \n    \n    \n  \n","protected":false},"excerpt":{"rendered":"<p>KONTAKT Lublin, 20-234ul. Me\u0142giewska 80 &nbsp;+48 512 215 494 &nbsp;&nbsp;info@basketreferee.com FORMULARZ KONTAKTOWY Name Email Message Zaznaczone Nie jestem robotem! Submit Dzi\u0119kujemy za kontakt. Niestety nie uda\u0142o si\u0119 wys\u0142a\u0107 wiadomo\u015bci. NASI PARTNERZY<\/p>\n","protected":false},"author":1,"featured_media":0,"parent":0,"menu_order":0,"comment_status":"closed","ping_status":"closed","template":"","meta":{"_mi_skip_tracking":false,"footnotes":""},"class_list":["post-139","page","type-page","status-publish","hentry"],"aioseo_notices":[],"_links":{"self":[{"href":"https:\/\/basketreferee.com\/index.php?rest_route=\/wp\/v2\/pages\/139","targetHints":{"allow":["GET"]}}],"collection":[{"href":"https:\/\/basketreferee.com\/index.php?rest_route=\/wp\/v2\/pages"}],"about":[{"href":"https:\/\/basketreferee.com\/index.php?rest_route=\/wp\/v2\/types\/page"}],"author":[{"embeddable":true,"href":"https:\/\/basketreferee.com\/index.php?rest_route=\/wp\/v2\/users\/1"}],"replies":[{"embeddable":true,"href":"https:\/\/basketreferee.com\/index.php?rest_route=%2Fwp%2Fv2%2Fcomments&post=139"}],"version-history":[{"count":17,"href":"https:\/\/basketreferee.com\/index.php?rest_route=\/wp\/v2\/pages\/139\/revisions"}],"predecessor-version":[{"id":578,"href":"https:\/\/basketreferee.com\/index.php?rest_route=\/wp\/v2\/pages\/139\/revisions\/578"}],"wp:attachment":[{"href":"https:\/\/basketreferee.com\/index.php?rest_route=%2Fwp%2Fv2%2Fmedia&parent=139"}],"curies":[{"name":"wp","href":"https:\/\/api.w.org\/{rel}","templated":true}]}}