{"id":136,"date":"2023-03-02T18:52:10","date_gmt":"2023-03-02T18:52:10","guid":{"rendered":"http:\/\/basketreferee.com\/?page_id=136"},"modified":"2024-01-12T09:31:37","modified_gmt":"2024-01-12T09:31:37","slug":"realizacje","status":"publish","type":"page","link":"https:\/\/basketreferee.com\/?page_id=136","title":{"rendered":"REALIZACJE"},"content":{"rendered":"\n    \n    <section class=\"u-clearfix u-section-2\" id=\"sec-2d5f\">\n      <div class=\"u-clearfix u-sheet u-valign-middle u-sheet-1\">\n        <h1 class=\"u-text u-text-default u-text-1\">NASZE RALIZACJE<br>\n        <\/h1>\n      <\/div>\n    <\/section>\n    <section class=\"u-align-center u-clearfix u-section-3\" id=\"sec-3537\">\n      <div class=\"u-clearfix u-sheet u-sheet-1\">\n        <h2 class=\"u-align-center u-text u-text-default u-text-1\"> Jeste\u015bmy by\u0107 mo\u017ce jedynym producentem kt\u00f3ry posiada stany magazynowe \nprofesjonalnych spodni s\u0119dziowskich w fasonach m\u0119skim I damskim.<br>\n        <\/h2>\n        <p class=\"u-align-center u-text u-text-2\"> Oto \njak prezentuj\u0105 si\u0119 wraz z koszulk\u0105 dla s\u0119dziego.<\/p>\n        <div class=\"custom-expanded u-gallery u-layout-grid u-lightbox u-show-text-on-hover u-gallery-1\">\n          <div class=\"u-gallery-inner u-gallery-inner-1\">\n            <div class=\"u-effect-fade u-gallery-item\">\n              <div class=\"u-back-slide\" data-image-width=\"631\" data-image-height=\"1460\">\n                <img decoding=\"async\" class=\"u-back-image u-expanded u-image-contain\" src=\"https:\/\/basketreferee.com\/wp-content\/uploads\/2023\/03\/wp5.jpg\">\n              <\/div>\n              <div class=\"u-container-align-center u-over-slide u-shading u-over-slide-1\"><\/div>\n            <\/div>\n          <\/div>\n        <\/div>\n      <\/div>\n    <\/section>\n    <section class=\"u-align-center u-clearfix u-section-4\" id=\"sec-74d1\">\n      <div class=\"u-clearfix u-sheet u-sheet-1\">\n        <div class=\"u-border-3 u-border-grey-dark-1 u-expanded-width u-line u-line-horizontal u-line-1\"><\/div>\n        <h2 class=\"u-align-center u-text u-text-default u-text-1\">Zachodniopomorscy S\u0119dziowie w kolejnych bluzach i spodniach od IBRA<\/h2>\n        <div class=\"custom-expanded u-gallery u-layout-grid u-lightbox u-show-text-on-hover u-gallery-1\">\n          <div class=\"u-gallery-inner u-gallery-inner-1\">\n            <div class=\"u-effect-fade u-gallery-item u-shape-rectangle\">\n              <div class=\"u-back-slide\" data-image-width=\"811\" data-image-height=\"1747\">\n                <img decoding=\"async\" class=\"u-back-image u-expanded u-image-contain\" src=\"https:\/\/basketreferee.com\/wp-content\/uploads\/2023\/03\/wp8.jpg\">\n              <\/div>\n              <div class=\"u-container-align-center u-over-slide u-shading u-valign-middle u-over-slide-1\"><\/div>\n            <\/div>\n          <\/div>\n        <\/div>\n      <\/div>\n    <\/section>\n    <section class=\"u-align-center u-clearfix u-section-5\" id=\"sec-9d97\">\n      <div class=\"u-clearfix u-sheet u-sheet-1\">\n        <div class=\"u-border-3 u-border-grey-dark-1 u-expanded-width u-line u-line-horizontal u-line-1\"><\/div>\n        <h2 class=\"u-align-center u-text u-text-default u-text-1\"> Pi\u0119kne czarne polo dla Podkarpackich S\u0119dzi\u00f3w<\/h2>\n        <div class=\"u-expanded-width u-gallery u-layout-grid u-lightbox u-show-text-on-hover u-gallery-1\">\n          <div class=\"u-gallery-inner u-gallery-inner-1\">\n            <div class=\"u-effect-fade u-gallery-item\">\n              <div class=\"u-back-slide\" data-image-width=\"702\" data-image-height=\"960\">\n                <img decoding=\"async\" class=\"u-back-image u-expanded u-image-contain\" src=\"https:\/\/basketreferee.com\/wp-content\/uploads\/2023\/03\/wp7.jpg\">\n              <\/div>\n              <div class=\"u-over-slide u-shading u-over-slide-1\"><\/div>\n            <\/div>\n          <\/div>\n        <\/div>\n      <\/div>\n    <\/section>\n    <section class=\"u-align-center u-clearfix u-section-6\" id=\"sec-3829\">\n      <div class=\"u-clearfix u-sheet u-sheet-1\">\n        <div class=\"u-border-3 u-border-grey-dark-1 u-expanded-width u-line u-line-horizontal u-line-1\"><\/div>\n        <h2 class=\"u-align-center u-text u-text-default u-text-1\"> Bluzy w technice druku sublimacyjnego od wczoraj ciesz\u0105 S\u0119dzi\u00f3w Lubuskiego Zwi\u0105zku Koszyk\u00f3wki.<\/h2>\n        <div class=\"custom-expanded u-gallery u-layout-grid u-lightbox u-show-text-on-hover u-gallery-1\">\n          <div class=\"u-gallery-inner u-gallery-inner-1\">\n            <div class=\"u-effect-fade u-gallery-item\">\n              <div class=\"u-back-slide\" data-image-width=\"586\" data-image-height=\"960\">\n                <img decoding=\"async\" class=\"u-back-image u-expanded u-image-contain\" src=\"https:\/\/basketreferee.com\/wp-content\/uploads\/2023\/03\/wp6.jpg\">\n              <\/div>\n              <div class=\"u-over-slide u-shading u-over-slide-1\"><\/div>\n            <\/div>\n          <\/div>\n        <\/div>\n      <\/div>\n    <\/section>\n    <section class=\"u-align-center u-clearfix u-section-7\" id=\"sec-557a\">\n      <div class=\"u-clearfix u-sheet u-sheet-1\">\n        <div class=\"u-border-3 u-border-grey-dark-1 u-expanded-width u-line u-line-horizontal u-line-1\"><\/div>\n        <h2 class=\"u-align-center u-text u-text-default u-text-1\"> Profesjonalne bluzy s\u0119dziowskie z haftowanym logo Dolno\u015bl\u0105skiego Zwi\u0105zku Koszyk\u00f3wki.<\/h2>\n        <div class=\"u-expanded-width u-gallery u-layout-grid u-lightbox u-show-text-on-hover u-gallery-1\">\n          <div class=\"u-gallery-inner u-gallery-inner-1\">\n            <div class=\"u-effect-fade u-gallery-item\">\n              <div class=\"u-back-slide\" data-image-width=\"566\" data-image-height=\"960\">\n                <img decoding=\"async\" class=\"u-back-image u-expanded u-image-contain\" src=\"https:\/\/basketreferee.com\/wp-content\/uploads\/2023\/03\/fb2_1.jpg\">\n              <\/div>\n              <div class=\"u-over-slide u-shading u-over-slide-1\"><\/div>\n            <\/div>\n            <div class=\"u-effect-fade u-gallery-item\">\n              <div class=\"u-back-slide\" data-image-width=\"1080\" data-image-height=\"1680\">\n                <img decoding=\"async\" class=\"u-back-image u-expanded u-image-contain\" src=\"https:\/\/basketreferee.com\/wp-content\/uploads\/2023\/03\/fb2_2.jpg\">\n              <\/div>\n              <div class=\"u-over-slide u-shading u-over-slide-2\"><\/div>\n            <\/div>\n            <div class=\"u-effect-fade u-gallery-item\">\n              <div class=\"u-back-slide\" data-image-width=\"1080\" data-image-height=\"1423\">\n                <img decoding=\"async\" class=\"u-back-image u-expanded u-image-contain\" src=\"https:\/\/basketreferee.com\/wp-content\/uploads\/2023\/03\/fb2_3.jpg\">\n              <\/div>\n              <div class=\"u-over-slide u-shading u-over-slide-3\"><\/div>\n            <\/div>\n          <\/div>\n        <\/div>\n      <\/div>\n    <\/section>\n    <section class=\"u-align-center u-clearfix u-section-8\" id=\"sec-f923\">\n      <div class=\"u-clearfix u-sheet u-sheet-1\">\n        <div class=\"u-border-3 u-border-grey-dark-1 u-expanded-width u-line u-line-horizontal u-line-1\"><\/div>\n        <h2 class=\"u-align-center u-text u-text-default u-text-1\"> Kolejna partia profesjonalnej odzie\u017cy dla s\u0119dzi\u00f3w \u015al\u0105skiego Zwi\u0105zku Koszyk\u00f3wki.<br>\n        <\/h2>\n        <div class=\"u-expanded-width u-gallery u-layout-grid u-lightbox u-show-text-on-hover u-gallery-1\">\n          <div class=\"u-gallery-inner u-gallery-inner-1\">\n            <div class=\"u-effect-fade u-gallery-item\">\n              <div class=\"u-back-slide\" data-image-width=\"1536\" data-image-height=\"2048\">\n                <img decoding=\"async\" class=\"u-back-image u-expanded u-image-contain\" src=\"https:\/\/basketreferee.com\/wp-content\/uploads\/2023\/03\/wp2.jpg\">\n              <\/div>\n              <div class=\"u-over-slide u-shading u-over-slide-1\"><\/div>\n            <\/div>\n            <div class=\"u-effect-fade u-gallery-item\">\n              <div class=\"u-back-slide\" data-image-width=\"1268\" data-image-height=\"2048\">\n                <img decoding=\"async\" class=\"u-back-image u-expanded u-image-contain\" src=\"https:\/\/basketreferee.com\/wp-content\/uploads\/2023\/03\/wp3.jpg\">\n              <\/div>\n              <div class=\"u-over-slide u-shading u-over-slide-2\"><\/div>\n            <\/div>\n            <div class=\"u-effect-fade u-gallery-item\">\n              <div class=\"u-back-slide\" data-image-width=\"1536\" data-image-height=\"2048\">\n                <img decoding=\"async\" class=\"u-back-image u-expanded u-image-contain\" src=\"https:\/\/basketreferee.com\/wp-content\/uploads\/2023\/03\/wp4.jpg\">\n              <\/div>\n              <div class=\"u-over-slide u-shading u-over-slide-3\"><\/div>\n            <\/div>\n          <\/div>\n        <\/div>\n      <\/div>\n    <\/section>\n    <section class=\"u-align-center u-clearfix u-section-9\" id=\"sec-e6d8\">\n      <div class=\"u-clearfix u-sheet u-sheet-1\">\n        <div class=\"u-border-3 u-border-grey-dark-1 u-expanded-width u-line u-line-horizontal u-line-1\"><\/div>\n        <h2 class=\"u-align-center u-text u-text-default u-text-1\"> Tak prezentuj\u0105 si\u0119 doskona\u0142ej jako\u015bci koszulki polo oraz profesjonalne spodnie na meczach BASKET LIGI<\/h2>\n        <div class=\"u-expanded-width u-gallery u-layout-grid u-lightbox u-show-text-on-hover u-gallery-1\">\n          <div class=\"u-gallery-inner u-gallery-inner-1\">\n            <div class=\"u-effect-fade u-gallery-item\">\n              <div class=\"u-back-slide\" data-image-width=\"960\" data-image-height=\"720\">\n                <img decoding=\"async\" class=\"u-back-image u-expanded u-back-image-1\" src=\"https:\/\/basketreferee.com\/wp-content\/uploads\/2023\/03\/wp1.jpg\">\n              <\/div>\n              <div class=\"u-over-slide u-shading u-over-slide-1\"><\/div>\n            <\/div>\n          <\/div>\n        <\/div>\n      <\/div>\n    <\/section>\n    <section class=\"u-align-center u-clearfix u-section-10\" id=\"sec-0e39\">\n      <div class=\"u-clearfix u-sheet u-valign-middle u-sheet-1\">\n        <h2 class=\"u-text u-text-default u-text-1\">NASI PARTNERZY<br>\n        <\/h2>\n      <\/div>\n    <\/section>\n    <section class=\"u-clearfix u-section-11\" id=\"sec-d1e1\">\n      <div class=\"u-clearfix u-sheet u-sheet-1\">\n        <div data-interval=\"5000\" data-u-ride=\"carousel\" class=\"u-carousel u-expanded-width u-slider u-slider-1\" id=\"carousel-c30d\">\n          <ol class=\"u-absolute-hcenter u-carousel-indicators u-carousel-indicators-1\">\n            <li data-u-target=\"#carousel-c30d\" class=\"u-active u-active-grey-10 u-grey-30\" data-u-slide-to=\"0\"><\/li>\n            <li data-u-target=\"#carousel-c30d\" class=\"u-active-grey-10 u-grey-30\" data-u-slide-to=\"1\"><\/li>\n            <li data-u-target=\"#carousel-c30d\" class=\"u-active-grey-10 u-grey-30\" data-u-slide-to=\"2\"><\/li>\n          <\/ol>\n          <div class=\"u-carousel-inner\" role=\"listbox\">\n            <div class=\"u-active u-carousel-item u-container-style u-slide\">\n              <div class=\"u-container-layout u-container-layout-1\">\n                <div class=\"custom-expanded u-gallery u-layout-grid u-lightbox u-no-transition u-show-text-none u-gallery-1\">\n                  <div class=\"u-gallery-inner u-gallery-inner-1\">\n                    <div class=\"u-effect-hover-zoom u-gallery-item\" data-href=\"https:\/\/pozkosz.com\/\" data-target=\"_blank\">\n                      <div class=\"u-back-slide\" data-image-width=\"801\" data-image-height=\"680\">\n                        <img decoding=\"async\" class=\"u-back-image u-expanded u-image-contain\" src=\"https:\/\/basketreferee.com\/wp-content\/uploads\/2024\/01\/pozkoszlogo.png\">\n                      <\/div>\n                      <div class=\"u-over-slide u-shading u-over-slide-1\"><\/div>\n                    <\/div>\n                    <div class=\"u-effect-hover-zoom u-gallery-item\" data-href=\"https:\/\/lzkosz.pl\/\" data-target=\"_blank\">\n                      <div class=\"u-back-slide\" data-image-width=\"886\" data-image-height=\"886\">\n                        <img decoding=\"async\" class=\"u-back-image u-expanded u-image-contain\" src=\"https:\/\/basketreferee.com\/wp-content\/uploads\/2024\/01\/logozkosz.png\">\n                      <\/div>\n                      <div class=\"u-over-slide u-shading u-over-slide-2\"><\/div>\n                    <\/div>\n                    <div class=\"u-effect-hover-zoom u-gallery-item\" data-href=\"https:\/\/lubuskikosz.pl\/\" data-target=\"_blank\">\n                      <div class=\"u-back-slide\" data-image-width=\"166\" data-image-height=\"168\">\n                        <img decoding=\"async\" class=\"u-back-image u-expanded u-image-contain\" src=\"https:\/\/basketreferee.com\/wp-content\/uploads\/2024\/01\/slidedzkosz1-object8914760161-2.jpg\">\n                      <\/div>\n                      <div class=\"u-over-slide u-shading u-over-slide-3\"><\/div>\n                    <\/div>\n                  <\/div>\n                <\/div>\n              <\/div>\n            <\/div>\n            <div class=\"u-carousel-item u-container-style u-slide\">\n              <div class=\"u-container-layout u-container-layout-2\">\n                <div class=\"u-expanded-width u-gallery u-layout-grid u-lightbox u-no-transition u-show-text-none u-gallery-2\">\n                  <div class=\"u-gallery-inner u-gallery-inner-2\">\n                    <div class=\"u-effect-hover-zoom u-gallery-item\" data-href=\"https:\/\/dzkosz.wroclaw.pl\/\" data-target=\"_blank\">\n                      <div class=\"u-back-slide\" data-image-width=\"166\" data-image-height=\"192\">\n                        <img decoding=\"async\" class=\"u-back-image u-expanded u-image-contain\" src=\"https:\/\/basketreferee.com\/wp-content\/uploads\/2024\/01\/slidedzkosz01-2.jpg\">\n                      <\/div>\n                      <div class=\"u-over-slide u-shading u-over-slide-4\"><\/div>\n                    <\/div>\n                    <div class=\"u-effect-hover-zoom u-gallery-item\" data-href=\"https:\/\/www.podkarpackikosz.com.pl\/\" data-target=\"_blank\">\n                      <div class=\"u-back-slide\" data-image-width=\"166\" data-image-height=\"165\">\n                        <img decoding=\"async\" class=\"u-back-image u-expanded u-image-contain\" src=\"https:\/\/basketreferee.com\/wp-content\/uploads\/2024\/01\/slidedzkosz3-object1435711721-2.jpg\">\n                      <\/div>\n                      <div class=\"u-over-slide u-shading u-over-slide-5\"><\/div>\n                    <\/div>\n                    <div class=\"u-effect-hover-zoom u-gallery-item\" data-href=\"https:\/\/zozkosz.com\/\" data-target=\"_blank\">\n                      <div class=\"u-back-slide\" data-image-width=\"166\" data-image-height=\"151\">\n                        <img decoding=\"async\" class=\"u-back-image u-expanded u-image-contain\" src=\"https:\/\/basketreferee.com\/wp-content\/uploads\/2024\/01\/slidedzkosz6-object293325591-2.jpg\">\n                      <\/div>\n                      <div class=\"u-over-slide u-shading u-over-slide-6\"><\/div>\n                    <\/div>\n                  <\/div>\n                <\/div>\n              <\/div>\n            <\/div>\n            <div class=\"u-carousel-item u-container-style u-slide\">\n              <div class=\"u-container-layout u-valign-bottom u-container-layout-3\">\n                <div class=\"u-expanded-width u-gallery u-layout-grid u-lightbox u-no-transition u-show-text-none u-gallery-3\">\n                  <div class=\"u-gallery-inner u-gallery-inner-3\">\n                    <div class=\"u-effect-hover-liftUp u-gallery-item\" data-href=\"https:\/\/wzkosz.pl\/\" data-target=\"_blank\">\n                      <div class=\"u-back-slide\" data-image-width=\"166\" data-image-height=\"107\">\n                        <img decoding=\"async\" class=\"u-back-image u-expanded u-image-contain\" src=\"https:\/\/basketreferee.com\/wp-content\/uploads\/2024\/01\/slidedzkosz5-object19718604411-2.jpg\">\n                      <\/div>\n                      <div class=\"u-over-slide u-shading u-over-slide-7\"><\/div>\n                    <\/div>\n                    <div class=\"u-effect-hover-liftUp u-gallery-item\" data-href=\"https:\/\/www.lzkosz.com.pl\/\" data-target=\"_blank\">\n                      <div class=\"u-back-slide\" data-image-width=\"166\" data-image-height=\"60\">\n                        <img decoding=\"async\" class=\"u-back-image u-expanded u-image-contain\" src=\"https:\/\/basketreferee.com\/wp-content\/uploads\/2024\/01\/slidedzkosz2-object9683362861-2.jpg\">\n                      <\/div>\n                      <div class=\"u-over-slide u-shading u-over-slide-8\"><\/div>\n                    <\/div>\n                    <div class=\"u-effect-hover-liftUp u-gallery-item\" data-href=\"https:\/\/www.slzkosz.pl\/\" data-target=\"_blank\">\n                      <div class=\"u-back-slide\" data-image-width=\"166\" data-image-height=\"50\">\n                        <img decoding=\"async\" class=\"u-back-image u-expanded u-image-contain\" src=\"https:\/\/basketreferee.com\/wp-content\/uploads\/2024\/01\/slidedzkosz4-object4174520611-2.jpg\">\n                      <\/div>\n                      <div class=\"u-over-slide u-shading u-over-slide-9\"><\/div>\n                    <\/div>\n                  <\/div>\n                <\/div>\n              <\/div>\n            <\/div>\n          <\/div>\n          <a class=\"u-absolute-vcenter u-carousel-control u-carousel-control-prev u-grey-75 u-hover-grey-60 u-icon-circle u-spacing-5 u-text-grey-30 u-carousel-control-1\" href=\"#carousel-c30d\" role=\"button\" data-u-slide=\"prev\">\n            <span aria-hidden=\"true\">\n              <svg viewBox=\"0 0 8 8\"><path d=\"M5.25 0l-4 4 4 4 1.5-1.5-2.5-2.5 2.5-2.5-1.5-1.5z\"><\/path><\/svg>\n            <\/span>\n            <span class=\"sr-only\">\n              <svg viewBox=\"0 0 8 8\"><path d=\"M5.25 0l-4 4 4 4 1.5-1.5-2.5-2.5 2.5-2.5-1.5-1.5z\"><\/path><\/svg>\n            <\/span>\n          <\/a>\n          <a class=\"u-absolute-vcenter u-carousel-control u-carousel-control-next u-grey-75 u-hover-grey-60 u-icon-circle u-spacing-5 u-text-grey-30 u-carousel-control-2\" href=\"#carousel-c30d\" role=\"button\" data-u-slide=\"next\">\n            <span aria-hidden=\"true\">\n              <svg viewBox=\"0 0 8 8\"><path d=\"M2.75 0l-1.5 1.5 2.5 2.5-2.5 2.5 1.5 1.5 4-4-4-4z\"><\/path><\/svg>\n            <\/span>\n            <span class=\"sr-only\">\n              <svg viewBox=\"0 0 8 8\"><path d=\"M2.75 0l-1.5 1.5 2.5 2.5-2.5 2.5 1.5 1.5 4-4-4-4z\"><\/path><\/svg>\n            <\/span>\n          <\/a>\n        <\/div>\n      <\/div>\n    <\/section>\n    \n    \n    \n  \n","protected":false},"excerpt":{"rendered":"<p>NASZE RALIZACJE Jeste\u015bmy by\u0107 mo\u017ce jedynym producentem kt\u00f3ry posiada stany magazynowe profesjonalnych spodni s\u0119dziowskich w fasonach m\u0119skim I damskim. Oto jak prezentuj\u0105 si\u0119 wraz z koszulk\u0105 dla s\u0119dziego. Zachodniopomorscy S\u0119dziowie w kolejnych bluzach i spodniach od IBRA Pi\u0119kne czarne polo dla Podkarpackich S\u0119dzi\u00f3w Bluzy w technice druku sublimacyjnego od wczoraj ciesz\u0105 S\u0119dzi\u00f3w Lubuskiego Zwi\u0105zku Koszyk\u00f3wki. &hellip; <a href=\"https:\/\/basketreferee.com\/?page_id=136\" class=\"more-link\">Continue reading<span class=\"screen-reader-text\"> &#8222;REALIZACJE&#8221;<\/span><\/a><\/p>\n","protected":false},"author":1,"featured_media":0,"parent":0,"menu_order":0,"comment_status":"closed","ping_status":"closed","template":"","meta":{"_mi_skip_tracking":false,"footnotes":""},"class_list":["post-136","page","type-page","status-publish","hentry"],"aioseo_notices":[],"_links":{"self":[{"href":"https:\/\/basketreferee.com\/index.php?rest_route=\/wp\/v2\/pages\/136","targetHints":{"allow":["GET"]}}],"collection":[{"href":"https:\/\/basketreferee.com\/index.php?rest_route=\/wp\/v2\/pages"}],"about":[{"href":"https:\/\/basketreferee.com\/index.php?rest_route=\/wp\/v2\/types\/page"}],"author":[{"embeddable":true,"href":"https:\/\/basketreferee.com\/index.php?rest_route=\/wp\/v2\/users\/1"}],"replies":[{"embeddable":true,"href":"https:\/\/basketreferee.com\/index.php?rest_route=%2Fwp%2Fv2%2Fcomments&post=136"}],"version-history":[{"count":22,"href":"https:\/\/basketreferee.com\/index.php?rest_route=\/wp\/v2\/pages\/136\/revisions"}],"predecessor-version":[{"id":551,"href":"https:\/\/basketreferee.com\/index.php?rest_route=\/wp\/v2\/pages\/136\/revisions\/551"}],"wp:attachment":[{"href":"https:\/\/basketreferee.com\/index.php?rest_route=%2Fwp%2Fv2%2Fmedia&parent=136"}],"curies":[{"name":"wp","href":"https:\/\/api.w.org\/{rel}","templated":true}]}}