{"id":132,"date":"2023-03-02T18:51:30","date_gmt":"2023-03-02T18:51:30","guid":{"rendered":"http:\/\/basketreferee.com\/?page_id=132"},"modified":"2024-01-12T05:55:16","modified_gmt":"2024-01-12T05:55:16","slug":"odziez-termoaktywna","status":"publish","type":"page","link":"https:\/\/basketreferee.com\/?page_id=132","title":{"rendered":"ODZIE\u017b TERMOAKTYWNA"},"content":{"rendered":"\n    \n    <section class=\"u-clearfix u-section-2\" id=\"sec-b2d4\">\n      <div class=\"u-clearfix u-sheet u-valign-middle-xl u-sheet-1\">\n        <h1 class=\"u-text u-text-default u-text-1\">ODZIE\u017b TERMOAKTYWANA<br>\n        <\/h1>\n        <p class=\"u-text u-text-default u-text-2\">Koszulki i spodenki termoaktywne marki&nbsp;<span style=\"font-weight: 700;\">IBRA<\/span>&nbsp;produkowane s\u0105 z dzianiny o sk\u0142adzie 92% poliester, 8% elastan w specyfikacji<span style=\"font-weight: 700;\">&nbsp;IBRA \u2013 TECH CLIMA SYSTEM<\/span>.<br>\n          <br>Dzi\u0119ki bardzo du\u017cej elastyczno\u015bci oraz doskona\u0142emu filtrowaniu wilgoci \u015bwietnie sprawdzaj\u0105 si\u0119 jako dope\u0142nienie stroju dla s\u0119dziego.\n        <\/p>\n        <p class=\"u-text u-text-default u-text-3\">KOSZULKI TERMOAKTYWNE<br>\n        <\/p>\n        <img decoding=\"async\" class=\"u-image u-image-contain u-image-default u-image-1\" src=\"https:\/\/basketreferee.com\/wp-content\/uploads\/2023\/03\/koszulka-termo-1448x2048.png\" alt=\"\" data-image-width=\"1140\" data-image-height=\"1612\" data-href=\"https:\/\/\/\">\n        <img decoding=\"async\" class=\"u-expanded-width-xs u-image u-image-contain u-image-default u-image-2\" src=\"https:\/\/basketreferee.com\/wp-content\/uploads\/2023\/03\/termo-bluza-kr-rekaw.png\" alt=\"\" data-image-width=\"1140\" data-image-height=\"760\" data-href=\"https:\/\/\/\">\n        <p class=\"u-text u-text-default u-text-4\">SPODENKI TEROAKTYWNE<br>\n        <\/p>\n        <img decoding=\"async\" class=\"u-expanded-width-xs u-image u-image-contain u-image-default u-image-3\" src=\"https:\/\/basketreferee.com\/wp-content\/uploads\/2023\/03\/spodenki-termo.png\" alt=\"\" data-image-width=\"6292\" data-image-height=\"4194\" data-href=\"https:\/\/\/\">\n        <img decoding=\"async\" class=\"u-image u-image-contain u-image-default u-image-4\" src=\"https:\/\/basketreferee.com\/wp-content\/uploads\/2023\/03\/spodenki-termo-damskie-2-1536x1520.png\" alt=\"\" data-image-width=\"1140\" data-image-height=\"1128\" data-href=\"https:\/\/\/\">\n      <\/div>\n    <\/section>\n    <section class=\"u-align-center u-clearfix u-section-3\" id=\"sec-82c0\">\n      <div class=\"u-clearfix u-sheet u-sheet-1\">\n        <p class=\"u-text u-text-default u-text-1\">CENNIK (pln) w tym 23% VAT<br>\n        <\/p>\n        <img decoding=\"async\" class=\"u-image u-image-default u-image-1\" src=\"https:\/\/basketreferee.com\/wp-content\/uploads\/2023\/03\/CENNIK_TERMO.png\" alt=\"\" data-image-width=\"518\" data-image-height=\"281\">\n        <div class=\"u-container-style u-file-link u-grey-75 u-group u-radius u-shape-round u-group-1\" data-href=\"https:\/\/basketreferee.com\/wp-content\/uploads\/2023\/03\/cennik.pdf\" title=\"cennik\">\n          <div class=\"u-container-layout u-valign-top u-container-layout-1\">\n            <p class=\"u-text u-text-default u-text-2\">\n              <a class=\"u-active-none u-border-none u-btn u-button-link u-button-style u-file-link u-hover-none u-none u-text-body-alt-color u-btn-1\" data-href=\"\/1228bdba5b4ac9\/cennik.pdf\">CENNIK PDF<span style=\"font-weight: 700;\"><\/span>\n                <br>\n              <\/a>\n            <\/p>\n          <\/div>\n        <\/div>\n      <\/div>\n    <\/section>\n    <section class=\"u-align-center u-clearfix u-section-4\" id=\"sec-24ab\">\n      <div class=\"u-clearfix u-sheet u-valign-middle u-sheet-1\">\n        <h2 class=\"u-text u-text-default u-text-1\">NASI PARTNERZY<br>\n        <\/h2>\n      <\/div>\n    <\/section>\n    <section class=\"u-clearfix u-section-5\" id=\"sec-cdd0\">\n      <div class=\"u-clearfix u-sheet u-sheet-1\">\n        <div data-interval=\"5000\" data-u-ride=\"carousel\" class=\"u-carousel u-expanded-width u-slider u-slider-1\" id=\"carousel-46a3\">\n          <ol class=\"u-absolute-hcenter u-carousel-indicators u-carousel-indicators-1\">\n            <li data-u-target=\"#carousel-46a3\" class=\"u-active u-active-grey-10 u-grey-30\" data-u-slide-to=\"0\"><\/li>\n            <li data-u-target=\"#carousel-46a3\" class=\"u-active-grey-10 u-grey-30\" data-u-slide-to=\"1\"><\/li>\n            <li data-u-target=\"#carousel-46a3\" class=\"u-active-grey-10 u-grey-30\" data-u-slide-to=\"2\"><\/li>\n          <\/ol>\n          <div class=\"u-carousel-inner\" role=\"listbox\">\n            <div class=\"u-active u-carousel-item u-container-style u-slide\">\n              <div class=\"u-container-layout u-container-layout-1\">\n                <div class=\"custom-expanded u-gallery u-layout-grid u-lightbox u-no-transition u-show-text-none u-gallery-1\">\n                  <div class=\"u-gallery-inner u-gallery-inner-1\">\n                    <div class=\"u-effect-hover-zoom u-gallery-item\" data-href=\"https:\/\/pozkosz.com\/\" data-target=\"_blank\">\n                      <div class=\"u-back-slide\" data-image-width=\"801\" data-image-height=\"680\">\n                        <img decoding=\"async\" class=\"u-back-image u-expanded u-image-contain\" src=\"https:\/\/basketreferee.com\/wp-content\/uploads\/2024\/01\/pozkoszlogo.png\">\n                      <\/div>\n                      <div class=\"u-over-slide u-shading u-over-slide-1\"><\/div>\n                    <\/div>\n                    <div class=\"u-effect-hover-zoom u-gallery-item\" data-href=\"https:\/\/lzkosz.pl\/\" data-target=\"_blank\">\n                      <div class=\"u-back-slide\" data-image-width=\"886\" data-image-height=\"886\">\n                        <img decoding=\"async\" class=\"u-back-image u-expanded u-image-contain\" src=\"https:\/\/basketreferee.com\/wp-content\/uploads\/2024\/01\/logozkosz.png\">\n                      <\/div>\n                      <div class=\"u-over-slide u-shading u-over-slide-2\"><\/div>\n                    <\/div>\n                    <div class=\"u-effect-hover-zoom u-gallery-item\" data-href=\"https:\/\/lubuskikosz.pl\/\" data-target=\"_blank\">\n                      <div class=\"u-back-slide\" data-image-width=\"166\" data-image-height=\"168\">\n                        <img decoding=\"async\" class=\"u-back-image u-expanded u-image-contain\" src=\"https:\/\/basketreferee.com\/wp-content\/uploads\/2024\/01\/slidedzkosz1-object8914760161-2.jpg\">\n                      <\/div>\n                      <div class=\"u-over-slide u-shading u-over-slide-3\"><\/div>\n                    <\/div>\n                  <\/div>\n                <\/div>\n              <\/div>\n            <\/div>\n            <div class=\"u-carousel-item u-container-style u-slide\">\n              <div class=\"u-container-layout u-container-layout-2\">\n                <div class=\"u-expanded-width u-gallery u-layout-grid u-lightbox u-no-transition u-show-text-none u-gallery-2\">\n                  <div class=\"u-gallery-inner u-gallery-inner-2\">\n                    <div class=\"u-effect-hover-zoom u-gallery-item\" data-href=\"https:\/\/dzkosz.wroclaw.pl\/\" data-target=\"_blank\">\n                      <div class=\"u-back-slide\" data-image-width=\"166\" data-image-height=\"192\">\n                        <img decoding=\"async\" class=\"u-back-image u-expanded u-image-contain\" src=\"https:\/\/basketreferee.com\/wp-content\/uploads\/2024\/01\/slidedzkosz01-2.jpg\">\n                      <\/div>\n                      <div class=\"u-over-slide u-shading u-over-slide-4\"><\/div>\n                    <\/div>\n                    <div class=\"u-effect-hover-zoom u-gallery-item\" data-href=\"https:\/\/www.podkarpackikosz.com.pl\/\" data-target=\"_blank\">\n                      <div class=\"u-back-slide\" data-image-width=\"166\" data-image-height=\"165\">\n                        <img decoding=\"async\" class=\"u-back-image u-expanded u-image-contain\" src=\"https:\/\/basketreferee.com\/wp-content\/uploads\/2024\/01\/slidedzkosz3-object1435711721-2.jpg\">\n                      <\/div>\n                      <div class=\"u-over-slide u-shading u-over-slide-5\"><\/div>\n                    <\/div>\n                    <div class=\"u-effect-hover-zoom u-gallery-item\" data-href=\"https:\/\/zozkosz.com\/\" data-target=\"_blank\">\n                      <div class=\"u-back-slide\" data-image-width=\"166\" data-image-height=\"151\">\n                        <img decoding=\"async\" class=\"u-back-image u-expanded u-image-contain\" src=\"https:\/\/basketreferee.com\/wp-content\/uploads\/2024\/01\/slidedzkosz6-object293325591-2.jpg\">\n                      <\/div>\n                      <div class=\"u-over-slide u-shading u-over-slide-6\"><\/div>\n                    <\/div>\n                  <\/div>\n                <\/div>\n              <\/div>\n            <\/div>\n            <div class=\"u-carousel-item u-container-style u-slide\">\n              <div class=\"u-container-layout u-valign-bottom u-container-layout-3\">\n                <div class=\"u-expanded-width u-gallery u-layout-grid u-lightbox u-no-transition u-show-text-none u-gallery-3\">\n                  <div class=\"u-gallery-inner u-gallery-inner-3\">\n                    <div class=\"u-effect-hover-liftUp u-gallery-item\" data-href=\"https:\/\/wzkosz.pl\/\" data-target=\"_blank\">\n                      <div class=\"u-back-slide\" data-image-width=\"166\" data-image-height=\"107\">\n                        <img decoding=\"async\" class=\"u-back-image u-expanded u-image-contain\" src=\"https:\/\/basketreferee.com\/wp-content\/uploads\/2024\/01\/slidedzkosz5-object19718604411-2.jpg\">\n                      <\/div>\n                      <div class=\"u-over-slide u-shading u-over-slide-7\"><\/div>\n                    <\/div>\n                    <div class=\"u-effect-hover-liftUp u-gallery-item\" data-href=\"https:\/\/www.lzkosz.com.pl\/\" data-target=\"_blank\">\n                      <div class=\"u-back-slide\" data-image-width=\"166\" data-image-height=\"60\">\n                        <img decoding=\"async\" class=\"u-back-image u-expanded u-image-contain\" src=\"https:\/\/basketreferee.com\/wp-content\/uploads\/2024\/01\/slidedzkosz2-object9683362861-2.jpg\">\n                      <\/div>\n                      <div class=\"u-over-slide u-shading u-over-slide-8\"><\/div>\n                    <\/div>\n                    <div class=\"u-effect-hover-liftUp u-gallery-item\" data-href=\"https:\/\/www.slzkosz.pl\/\" data-target=\"_blank\">\n                      <div class=\"u-back-slide\" data-image-width=\"166\" data-image-height=\"50\">\n                        <img decoding=\"async\" class=\"u-back-image u-expanded u-image-contain\" src=\"https:\/\/basketreferee.com\/wp-content\/uploads\/2024\/01\/slidedzkosz4-object4174520611-2.jpg\">\n                      <\/div>\n                      <div class=\"u-over-slide u-shading u-over-slide-9\"><\/div>\n                    <\/div>\n                  <\/div>\n                <\/div>\n              <\/div>\n            <\/div>\n          <\/div>\n          <a class=\"u-absolute-vcenter u-carousel-control u-carousel-control-prev u-grey-75 u-hover-grey-60 u-icon-circle u-spacing-5 u-text-grey-30 u-carousel-control-1\" href=\"#carousel-46a3\" role=\"button\" data-u-slide=\"prev\">\n            <span aria-hidden=\"true\">\n              <svg viewBox=\"0 0 8 8\"><path d=\"M5.25 0l-4 4 4 4 1.5-1.5-2.5-2.5 2.5-2.5-1.5-1.5z\"><\/path><\/svg>\n            <\/span>\n            <span class=\"sr-only\">\n              <svg viewBox=\"0 0 8 8\"><path d=\"M5.25 0l-4 4 4 4 1.5-1.5-2.5-2.5 2.5-2.5-1.5-1.5z\"><\/path><\/svg>\n            <\/span>\n          <\/a>\n          <a class=\"u-absolute-vcenter u-carousel-control u-carousel-control-next u-grey-75 u-hover-grey-60 u-icon-circle u-spacing-5 u-text-grey-30 u-carousel-control-2\" href=\"#carousel-46a3\" role=\"button\" data-u-slide=\"next\">\n            <span aria-hidden=\"true\">\n              <svg viewBox=\"0 0 8 8\"><path d=\"M2.75 0l-1.5 1.5 2.5 2.5-2.5 2.5 1.5 1.5 4-4-4-4z\"><\/path><\/svg>\n            <\/span>\n            <span class=\"sr-only\">\n              <svg viewBox=\"0 0 8 8\"><path d=\"M2.75 0l-1.5 1.5 2.5 2.5-2.5 2.5 1.5 1.5 4-4-4-4z\"><\/path><\/svg>\n            <\/span>\n          <\/a>\n        <\/div>\n      <\/div>\n    <\/section>\n    \n    \n    \n  \n","protected":false},"excerpt":{"rendered":"<p>ODZIE\u017b TERMOAKTYWANA Koszulki i spodenki termoaktywne marki&nbsp;IBRA&nbsp;produkowane s\u0105 z dzianiny o sk\u0142adzie 92% poliester, 8% elastan w specyfikacji&nbsp;IBRA \u2013 TECH CLIMA SYSTEM. Dzi\u0119ki bardzo du\u017cej elastyczno\u015bci oraz doskona\u0142emu filtrowaniu wilgoci \u015bwietnie sprawdzaj\u0105 si\u0119 jako dope\u0142nienie stroju dla s\u0119dziego. KOSZULKI TERMOAKTYWNE SPODENKI TEROAKTYWNE CENNIK (pln) w tym 23% VAT CENNIK PDF NASI PARTNERZY<\/p>\n","protected":false},"author":1,"featured_media":0,"parent":0,"menu_order":0,"comment_status":"closed","ping_status":"closed","template":"","meta":{"_mi_skip_tracking":false,"footnotes":""},"class_list":["post-132","page","type-page","status-publish","hentry"],"aioseo_notices":[],"_links":{"self":[{"href":"https:\/\/basketreferee.com\/index.php?rest_route=\/wp\/v2\/pages\/132","targetHints":{"allow":["GET"]}}],"collection":[{"href":"https:\/\/basketreferee.com\/index.php?rest_route=\/wp\/v2\/pages"}],"about":[{"href":"https:\/\/basketreferee.com\/index.php?rest_route=\/wp\/v2\/types\/page"}],"author":[{"embeddable":true,"href":"https:\/\/basketreferee.com\/index.php?rest_route=\/wp\/v2\/users\/1"}],"replies":[{"embeddable":true,"href":"https:\/\/basketreferee.com\/index.php?rest_route=%2Fwp%2Fv2%2Fcomments&post=132"}],"version-history":[{"count":6,"href":"https:\/\/basketreferee.com\/index.php?rest_route=\/wp\/v2\/pages\/132\/revisions"}],"predecessor-version":[{"id":532,"href":"https:\/\/basketreferee.com\/index.php?rest_route=\/wp\/v2\/pages\/132\/revisions\/532"}],"wp:attachment":[{"href":"https:\/\/basketreferee.com\/index.php?rest_route=%2Fwp%2Fv2%2Fmedia&parent=132"}],"curies":[{"name":"wp","href":"https:\/\/api.w.org\/{rel}","templated":true}]}}